{"id":2,"date":"2022-07-04T20:42:45","date_gmt":"2022-07-04T20:42:45","guid":{"rendered":"http:\/\/schweiz.expert\/?page_id=2"},"modified":"2026-02-21T22:38:24","modified_gmt":"2026-02-21T22:38:24","slug":"sample-page","status":"publish","type":"page","link":"https:\/\/schweiz.expert\/","title":{"rendered":"Expert Page"},"content":{"rendered":"<div class=\"aligncenter is-style-default wp-block-site-logo wp-duotone-1f2937-8ed1fc-1\"><a href=\"https:\/\/schweiz.expert\/\" class=\"custom-logo-link\" rel=\"home\"><img decoding=\"async\" width=\"32\" height=\"39\" src=\"https:\/\/schweiz.expert\/wp-content\/uploads\/2023\/07\/up-34f60521-7548-4232-b4fe-6357bca48f5a.jpg\" class=\"custom-logo\" alt=\"Swiss Experts\" srcset=\"https:\/\/schweiz.expert\/wp-content\/uploads\/2023\/07\/up-34f60521-7548-4232-b4fe-6357bca48f5a.jpg 832w, https:\/\/schweiz.expert\/wp-content\/uploads\/2023\/07\/up-34f60521-7548-4232-b4fe-6357bca48f5a-244x300.jpg 244w, https:\/\/schweiz.expert\/wp-content\/uploads\/2023\/07\/up-34f60521-7548-4232-b4fe-6357bca48f5a-768x945.jpg 768w\" sizes=\"(max-width: 32px) 100vw, 32px\" \/><\/a><\/div>\n\n\n<div class=\"guten-element guten-animated-text guten-OdvDR4 style-pop\" data-animation=\"{&quot;loop&quot;:true,&quot;style&quot;:&quot;pop&quot;,&quot;textType&quot;:&quot;default&quot;,&quot;text&quot;:&quot;Artifical Intelligence&quot;,&quot;elementId&quot;:&quot;guten-OdvDR4&quot;,&quot;rotationTexts&quot;:[{&quot;rotationText&quot;:&quot;Three&quot;},{&quot;rotationText&quot;:&quot;Two&quot;},{&quot;rotationText&quot;:&quot;One&quot;}],&quot;highlightedStyle&quot;:&quot;circle&quot;,&quot;highlightColorType&quot;:&quot;color&quot;,&quot;highlightColor&quot;:{},&quot;animationDuration&quot;:600,&quot;displayDuration&quot;:1000,&quot;transitionDuration&quot;:500}\"><h5><span class=\"non-animated-text before-text\">Before <\/span><span class=\"text-content\"><span class=\"text-wrapper\"><span class=\"letter\">Artifical Intelligence<\/span><\/span><span class=\"highlighted\"><\/span><\/span><span class=\"non-animated-text after-text\"> After<\/span><\/h5><\/div>\n\n\n\n<h2 class=\"wp-block-heading\">Schweizer Experten und ihre besonderen F\u00e4higkeiten<\/h2>\n\n\n\n<p>Schweizer Experten sind in einer Vielzahl von Bereichen anerkannt und gesch\u00e4tzt. Einige der Hauptbereiche, in denen sie besondere Leistungen erbringen, sind:<\/p>\n\n\n\n<ol class=\"wp-block-list\">\n<li><strong>Finanzwesen und Banken<\/strong>: Die Schweiz ist ein globales Finanzzentrum mit einer starken Expertise in Bankwesen, Verm\u00f6gensverwaltung und Finanzdienstleistungen. Schweizer Banken sind f\u00fcr ihre Stabilit\u00e4t, Diskretion und Innovationsf\u00e4higkeit bekannt.<\/li>\n\n\n\n<li><strong>Pharmazeutische und Biotechnologie<\/strong>: Unternehmen wie Novartis und Roche haben die Schweiz zu einem f\u00fchrenden Standort f\u00fcr Forschung und Entwicklung in der Pharmaindustrie gemacht. Die Expertise in der Arzneimittelentwicklung und klinischen Forschung ist international anerkannt.<\/li>\n\n\n\n<li><strong>Ingenieurwesen und Maschinenbau<\/strong>: Die Schweiz hat einen starken Maschinenbau- und Ingenieursektor, der f\u00fcr Pr\u00e4zisionsmaschinen, Uhren und Hochtechnologie bekannt ist. Schweizer Ingenieure sind f\u00fcr ihre Innovationskraft und Qualit\u00e4t ber\u00fchmt.<\/li>\n\n\n\n<li><strong>Technologie und Innovation<\/strong>: Die Schweiz ist ein Hotspot f\u00fcr Start-ups und technologische Innovationen, insbesondere in Bereichen wie FinTech, MedTech und Informations- und Kommunikationstechnologien. Die N\u00e4he zu f\u00fchrenden Universit\u00e4ten und Forschungseinrichtungen f\u00f6rdert diesen Sektor.<\/li>\n\n\n\n<li><strong>Nachhaltigkeit und Umwelttechnologien<\/strong>: Die Schweiz hat sich einen Namen in der Entwicklung nachhaltiger Technologien und L\u00f6sungen gemacht, insbesondere im Bereich erneuerbare Energien und Ressourcenschonung.<\/li>\n\n\n\n<li><strong>Bildung und Forschung<\/strong>: Schweizer Universit\u00e4ten und Forschungsinstitutionen, wie die ETH Z\u00fcrich und die Universit\u00e4t Z\u00fcrich, sind weltweit anerkannt. Die Schweiz zieht viele internationale Studierende und Forscher an und ist bekannt f\u00fcr ihre Beitr\u00e4ge zur Grundlagenforschung und Innovation.<\/li>\n\n\n\n<li><strong>Kunst und Design<\/strong>: Die Schweiz hat eine reiche Tradition in Kunst, Design und Architektur. Schweizer Designer und K\u00fcnstler sind f\u00fcr ihre Kreativit\u00e4t und ihren Einfluss in der internationalen Kunstszene bekannt.<\/li>\n\n\n\n<li><strong>Tourismus und Gastgewerbe<\/strong>: Die Schweiz ist ein beliebtes Touristenziel, bekannt f\u00fcr ihre atemberaubenden Landschaften und ihre hochwertige Gastfreundschaft. Experten im Bereich Tourismus entwickeln innovative Konzepte zur F\u00f6rderung des nachhaltigen Reisens.<\/li>\n<\/ol>\n\n\n\n<p>Diese Bereiche sind nur einige Beispiele f\u00fcr die Expertise, die in der Schweiz vorhanden ist, und die besonderen Leistungen, die von Schweizer Fachleuten erbracht werden.<\/p>\n","protected":false},"excerpt":{"rendered":"<p>Schweizer Experten und ihre besonderen F\u00e4higkeiten Schweizer Experten sind in einer Vielzahl von Bereichen anerkannt und gesch\u00e4tzt. Einige der Hauptbereiche, in denen sie besondere Leistungen erbringen, sind: Diese Bereiche sind nur einige Beispiele f\u00fcr die Expertise, die in der Schweiz vorhanden ist, und die besonderen Leistungen, die von Schweizer Fachleuten erbracht werden.<\/p>\n","protected":false},"author":1,"featured_media":0,"parent":0,"menu_order":0,"comment_status":"closed","ping_status":"open","template":"","meta":{"om_disable_all_campaigns":false,"_uag_custom_page_level_css":"","_monsterinsights_skip_tracking":false,"_monsterinsights_sitenote_active":false,"_monsterinsights_sitenote_note":"","_monsterinsights_sitenote_category":0,"_swt_meta_header_display":false,"_swt_meta_footer_display":false,"_swt_meta_site_title_display":false,"_swt_meta_sticky_header":false,"_swt_meta_transparent_header":false,"footnotes":""},"class_list":["post-2","page","type-page","status-publish","hentry"],"aioseo_notices":[],"uagb_featured_image_src":{"full":false,"thumbnail":false,"medium":false,"medium_large":false,"large":false,"1536x1536":false,"2048x2048":false},"uagb_author_info":{"display_name":"heldner","author_link":"https:\/\/schweiz.expert\/index.php\/author\/heldner\/"},"uagb_comment_info":0,"uagb_excerpt":"Schweizer Experten und ihre besonderen F\u00e4higkeiten Schweizer Experten sind in einer Vielzahl von Bereichen anerkannt und gesch\u00e4tzt. Einige der Hauptbereiche, in denen sie besondere Leistungen erbringen, sind: Diese Bereiche sind nur einige Beispiele f\u00fcr die Expertise, die in der Schweiz vorhanden ist, und die besonderen Leistungen, die von Schweizer Fachleuten erbracht werden.","_links":{"self":[{"href":"https:\/\/schweiz.expert\/index.php\/wp-json\/wp\/v2\/pages\/2","targetHints":{"allow":["GET"]}}],"collection":[{"href":"https:\/\/schweiz.expert\/index.php\/wp-json\/wp\/v2\/pages"}],"about":[{"href":"https:\/\/schweiz.expert\/index.php\/wp-json\/wp\/v2\/types\/page"}],"author":[{"embeddable":true,"href":"https:\/\/schweiz.expert\/index.php\/wp-json\/wp\/v2\/users\/1"}],"replies":[{"embeddable":true,"href":"https:\/\/schweiz.expert\/index.php\/wp-json\/wp\/v2\/comments?post=2"}],"version-history":[{"count":98,"href":"https:\/\/schweiz.expert\/index.php\/wp-json\/wp\/v2\/pages\/2\/revisions"}],"predecessor-version":[{"id":228,"href":"https:\/\/schweiz.expert\/index.php\/wp-json\/wp\/v2\/pages\/2\/revisions\/228"}],"wp:attachment":[{"href":"https:\/\/schweiz.expert\/index.php\/wp-json\/wp\/v2\/media?parent=2"}],"curies":[{"name":"wp","href":"https:\/\/api.w.org\/{rel}","templated":true}]}}